{"id":72,"date":"2019-08-06T05:56:12","date_gmt":"2019-08-06T05:56:12","guid":{"rendered":"http:\/\/bsv-uedesheim.de\/?page_id=72"},"modified":"2023-01-12T08:52:49","modified_gmt":"2023-01-12T08:52:49","slug":"schiess-kalender","status":"publish","type":"page","link":"http:\/\/bsv-uedesheim.de\/?page_id=72","title":{"rendered":"Schie\u00df-Kalender"},"content":{"rendered":"<p>Die Termine auf unserer Heinrich-Kronenberg-Schie\u00dfanlage verwaltet Schie\u00dfmeister Thomas H\u00f6ltke.<\/p>\n<p><img loading=\"lazy\" decoding=\"async\" src=\"http:\/\/bsv-uedesheim.de\/wp-content\/uploads\/2019\/09\/hoeltke_thomas_2019-200x300.jpg\" alt=\"\" width=\"100\" height=\"150\" class=\"alignleft size-medium wp-image-271\" srcset=\"http:\/\/bsv-uedesheim.de\/wp-content\/uploads\/2019\/09\/hoeltke_thomas_2019-200x300.jpg 200w, http:\/\/bsv-uedesheim.de\/wp-content\/uploads\/2019\/09\/hoeltke_thomas_2019-768x1152.jpg 768w, http:\/\/bsv-uedesheim.de\/wp-content\/uploads\/2019\/09\/hoeltke_thomas_2019-683x1024.jpg 683w\" sizes=\"auto, (max-width: 100px) 100vw, 100px\" \/><strong>Schie\u00dfmeister<\/strong><br \/>\nThomas H\u00f6ltke<br \/>\nTelefon: 0172-2548790<br \/>\nEmail: <a href=\"mailto:hoeltke@fuenfter.de\">hoeltke@fuenfter.de<\/a><\/p>\n<p>&nbsp;<\/p>\n<p><h2>Belegungs-\u00dcbersicht<\/h2>\n<div class=\"r34ics-ajax-container loading\" data-args=\"44bfb93d3fc61f899362b87c1dbebd148cf7b18b\" data-js-args=\"{&quot;debug&quot;:null}\" data-r34icsym=\"202605\" data-view-is-list-long=\"0\" data-view-is-list-style=\"0\" data-view=\"month\" id=\"r6a04a7f173de021\">&nbsp;<\/div>\n","protected":false},"excerpt":{"rendered":"<p>Die Termine auf unserer Heinrich-Kronenberg-Schie\u00dfanlage verwaltet Schie\u00dfmeister Thomas H\u00f6ltke. Schie\u00dfmeister Thomas H\u00f6ltke Telefon: 0172-2548790 Email: hoeltke@fuenfter.de &nbsp; Belegungs-\u00dcbersicht<\/p>\n","protected":false},"author":1,"featured_media":0,"parent":0,"menu_order":0,"comment_status":"closed","ping_status":"closed","template":"","meta":{"ngg_post_thumbnail":0,"footnotes":""},"class_list":["post-72","page","type-page","status-publish","hentry"],"_links":{"self":[{"href":"http:\/\/bsv-uedesheim.de\/index.php?rest_route=\/wp\/v2\/pages\/72","targetHints":{"allow":["GET"]}}],"collection":[{"href":"http:\/\/bsv-uedesheim.de\/index.php?rest_route=\/wp\/v2\/pages"}],"about":[{"href":"http:\/\/bsv-uedesheim.de\/index.php?rest_route=\/wp\/v2\/types\/page"}],"author":[{"embeddable":true,"href":"http:\/\/bsv-uedesheim.de\/index.php?rest_route=\/wp\/v2\/users\/1"}],"replies":[{"embeddable":true,"href":"http:\/\/bsv-uedesheim.de\/index.php?rest_route=%2Fwp%2Fv2%2Fcomments&post=72"}],"version-history":[{"count":9,"href":"http:\/\/bsv-uedesheim.de\/index.php?rest_route=\/wp\/v2\/pages\/72\/revisions"}],"predecessor-version":[{"id":1080,"href":"http:\/\/bsv-uedesheim.de\/index.php?rest_route=\/wp\/v2\/pages\/72\/revisions\/1080"}],"wp:attachment":[{"href":"http:\/\/bsv-uedesheim.de\/index.php?rest_route=%2Fwp%2Fv2%2Fmedia&parent=72"}],"curies":[{"name":"wp","href":"https:\/\/api.w.org\/{rel}","templated":true}]}}