{"id":29,"date":"2018-11-02T10:05:16","date_gmt":"2018-11-02T10:05:16","guid":{"rendered":"http:\/\/bsv-uedesheim.de\/?page_id=29"},"modified":"2026-02-16T15:36:55","modified_gmt":"2026-02-16T14:36:55","slug":"vorstand","status":"publish","type":"page","link":"http:\/\/bsv-uedesheim.de\/?page_id=29","title":{"rendered":"Vorstand"},"content":{"rendered":"<h2>Kontakt<\/h2>\n<p><a href=\"mailto:geschaeftsfuehrung@bsv-uedesheim.de\">geschaeftsfuehrung@bsv-uedesheim.de<\/a><\/p>\n<p><img loading=\"lazy\" decoding=\"async\" src=\"http:\/\/bsv-uedesheim.de\/wp-content\/uploads\/2019\/09\/brand_stefan_2019-200x300.jpg\" alt=\"\" width=\"100\" height=\"150\" class=\"alignleft size-medium wp-image-279\" srcset=\"http:\/\/bsv-uedesheim.de\/wp-content\/uploads\/2019\/09\/brand_stefan_2019-200x300.jpg 200w, http:\/\/bsv-uedesheim.de\/wp-content\/uploads\/2019\/09\/brand_stefan_2019-768x1152.jpg 768w, http:\/\/bsv-uedesheim.de\/wp-content\/uploads\/2019\/09\/brand_stefan_2019-683x1024.jpg 683w\" sizes=\"auto, (max-width: 100px) 100vw, 100px\" \/><strong>Pr\u00e4sident<\/strong><br \/>\nStefan Brand<br \/>\n&nbsp;<\/p>\n<p>&nbsp;<\/p>\n<p><img loading=\"lazy\" decoding=\"async\" src=\"http:\/\/bsv-uedesheim.de\/wp-content\/uploads\/2026\/02\/von-zons_john_2025.jpg\" alt=\"\" width=\"100\" height=\"150\" class=\"alignleft size-large wp-image-1274\" \/><strong>Gesch\u00e4ftsf\u00fchrer<\/strong><br \/>\nJohn von Zons<br \/>\n&nbsp;<\/p>\n<p>&nbsp;<\/p>\n<p><img loading=\"lazy\" decoding=\"async\" src=\"http:\/\/bsv-uedesheim.de\/wp-content\/uploads\/2019\/09\/veiser_wolfgang_2019-200x300.jpg\" alt=\"\" width=\"100\" height=\"150\" class=\"alignleft size-medium wp-image-277\" srcset=\"http:\/\/bsv-uedesheim.de\/wp-content\/uploads\/2019\/09\/veiser_wolfgang_2019-200x300.jpg 200w, http:\/\/bsv-uedesheim.de\/wp-content\/uploads\/2019\/09\/veiser_wolfgang_2019-768x1152.jpg 768w, http:\/\/bsv-uedesheim.de\/wp-content\/uploads\/2019\/09\/veiser_wolfgang_2019-683x1024.jpg 683w\" sizes=\"auto, (max-width: 100px) 100vw, 100px\" \/><strong>1. Kassierer \/ Vizepr\u00e4sident<\/strong><br \/>\nWolfgang Veiser<br \/>\n&nbsp;<\/p>\n<p>&nbsp;<\/p>\n<p><img loading=\"lazy\" decoding=\"async\" src=\"http:\/\/bsv-uedesheim.de\/wp-content\/uploads\/2019\/09\/weitz_matthew_2019-200x300.jpg\" alt=\"\" width=\"100\" height=\"150\" class=\"alignleft size-medium wp-image-278\" srcset=\"http:\/\/bsv-uedesheim.de\/wp-content\/uploads\/2019\/09\/weitz_matthew_2019-200x300.jpg 200w, http:\/\/bsv-uedesheim.de\/wp-content\/uploads\/2019\/09\/weitz_matthew_2019-768x1152.jpg 768w, http:\/\/bsv-uedesheim.de\/wp-content\/uploads\/2019\/09\/weitz_matthew_2019-683x1024.jpg 683w\" sizes=\"auto, (max-width: 100px) 100vw, 100px\" \/><strong>2. Kassierer<\/strong><br \/>\nMatthew Weitz<br \/>\n&nbsp;<\/p>\n<p>&nbsp;<\/p>\n<p><img loading=\"lazy\" decoding=\"async\" src=\"http:\/\/bsv-uedesheim.de\/wp-content\/uploads\/2019\/09\/meuter_joerg_2019-683x1024.jpg\" alt=\"\" width=\"100\" height=\"150\" class=\"alignleft size-large wp-image-345\" srcset=\"http:\/\/bsv-uedesheim.de\/wp-content\/uploads\/2019\/09\/meuter_joerg_2019-683x1024.jpg 683w, http:\/\/bsv-uedesheim.de\/wp-content\/uploads\/2019\/09\/meuter_joerg_2019-200x300.jpg 200w, http:\/\/bsv-uedesheim.de\/wp-content\/uploads\/2019\/09\/meuter_joerg_2019-768x1152.jpg 768w\" sizes=\"auto, (max-width: 100px) 100vw, 100px\" \/><strong>Schriftf\u00fchrer<\/strong><br \/>\nJ\u00f6rg Meuter<br \/>\n&nbsp;<\/p>\n<p>&nbsp;<\/p>\n<p><img loading=\"lazy\" decoding=\"async\" src=\"http:\/\/bsv-uedesheim.de\/wp-content\/uploads\/2019\/09\/hoeltke_thomas_2019-200x300.jpg\" alt=\"\" width=\"100\" height=\"150\" class=\"alignleft size-medium wp-image-271\" srcset=\"http:\/\/bsv-uedesheim.de\/wp-content\/uploads\/2019\/09\/hoeltke_thomas_2019-200x300.jpg 200w, http:\/\/bsv-uedesheim.de\/wp-content\/uploads\/2019\/09\/hoeltke_thomas_2019-768x1152.jpg 768w, http:\/\/bsv-uedesheim.de\/wp-content\/uploads\/2019\/09\/hoeltke_thomas_2019-683x1024.jpg 683w\" sizes=\"auto, (max-width: 100px) 100vw, 100px\" \/><strong>Schie\u00dfmeister<\/strong><br \/>\nThomas H\u00f6ltke<br \/>\n&nbsp;<\/p>\n<p>&nbsp;<\/p>\n<p><img loading=\"lazy\" decoding=\"async\" src=\"http:\/\/bsv-uedesheim.de\/wp-content\/uploads\/2019\/09\/kronenberg_simon_2019-200x300.jpg\" alt=\"\" width=\"100\" height=\"150\" class=\"alignleft size-medium wp-image-273\" srcset=\"http:\/\/bsv-uedesheim.de\/wp-content\/uploads\/2019\/09\/kronenberg_simon_2019-200x300.jpg 200w, http:\/\/bsv-uedesheim.de\/wp-content\/uploads\/2019\/09\/kronenberg_simon_2019-768x1152.jpg 768w, http:\/\/bsv-uedesheim.de\/wp-content\/uploads\/2019\/09\/kronenberg_simon_2019-683x1024.jpg 683w\" sizes=\"auto, (max-width: 100px) 100vw, 100px\" \/><strong>Zeugwart<\/strong><br \/>\nSimon Kronenberg<br \/>\n&nbsp;<\/p>\n<p>&nbsp;<\/p>\n<p><img loading=\"lazy\" decoding=\"async\" src=\"http:\/\/bsv-uedesheim.de\/wp-content\/uploads\/2019\/11\/strierath_joerg_2019-683x1024.jpg\" alt=\"\" width=\"100\" height=\"150\" class=\"alignleft size-large wp-image-932\" srcset=\"http:\/\/bsv-uedesheim.de\/wp-content\/uploads\/2019\/11\/strierath_joerg_2019-683x1024.jpg 683w, http:\/\/bsv-uedesheim.de\/wp-content\/uploads\/2019\/11\/strierath_joerg_2019-200x300.jpg 200w, http:\/\/bsv-uedesheim.de\/wp-content\/uploads\/2019\/11\/strierath_joerg_2019-768x1152.jpg 768w\" sizes=\"auto, (max-width: 100px) 100vw, 100px\" \/><strong>Regimentsoberst<\/strong><br \/>\nJ\u00f6rg Strierath<br \/>\n&nbsp;<\/p>\n<p>&nbsp;<\/p>\n<p><img loading=\"lazy\" decoding=\"async\" src=\"http:\/\/bsv-uedesheim.de\/wp-content\/uploads\/2019\/08\/person_leer.jpeg\" alt=\"\" width=\"100\" height=\"150\" class=\"alignleft size-full wp-image-178\" \/><strong>Regimentsadjudant<\/strong><br \/>\nPeter G\u00fcnther<br \/>\n&nbsp;<\/p>\n<p>&nbsp;<\/p>\n<p><img loading=\"lazy\" decoding=\"async\" src=\"http:\/\/bsv-uedesheim.de\/wp-content\/uploads\/2019\/09\/kronenberg_simon_2019-200x300.jpg\" alt=\"\" width=\"100\" height=\"150\" class=\"alignleft size-medium wp-image-273\" srcset=\"http:\/\/bsv-uedesheim.de\/wp-content\/uploads\/2019\/09\/kronenberg_simon_2019-200x300.jpg 200w, http:\/\/bsv-uedesheim.de\/wp-content\/uploads\/2019\/09\/kronenberg_simon_2019-768x1152.jpg 768w, http:\/\/bsv-uedesheim.de\/wp-content\/uploads\/2019\/09\/kronenberg_simon_2019-683x1024.jpg 683w\" sizes=\"auto, (max-width: 100px) 100vw, 100px\" \/><strong>Majest\u00e4t<\/strong><br \/>\nSimon Kronenberg<br \/>\n&nbsp;<\/p>\n<p>&nbsp;<\/p>\n<p><img loading=\"lazy\" decoding=\"async\" src=\"http:\/\/bsv-uedesheim.de\/wp-content\/uploads\/2019\/09\/melchers_georg_2019-683x1024.jpg\" alt=\"\" width=\"100\" height=\"150\" class=\"alignleft size-large wp-image-282\" srcset=\"http:\/\/bsv-uedesheim.de\/wp-content\/uploads\/2019\/09\/melchers_georg_2019-683x1024.jpg 683w, http:\/\/bsv-uedesheim.de\/wp-content\/uploads\/2019\/09\/melchers_georg_2019-200x300.jpg 200w, http:\/\/bsv-uedesheim.de\/wp-content\/uploads\/2019\/09\/melchers_georg_2019-768x1152.jpg 768w\" sizes=\"auto, (max-width: 100px) 100vw, 100px\" \/><strong>Vizemajest\u00e4t<\/strong><br \/>\nGeorg Melchers<\/p>\n","protected":false},"excerpt":{"rendered":"<p>Kontakt geschaeftsfuehrung@bsv-uedesheim.de Pr\u00e4sident Stefan Brand &nbsp; &nbsp; Gesch\u00e4ftsf\u00fchrer John von Zons &nbsp; &nbsp; 1. Kassierer \/ Vizepr\u00e4sident Wolfgang Veiser &nbsp; &nbsp; 2. Kassierer Matthew Weitz &nbsp; &nbsp; Schriftf\u00fchrer J\u00f6rg Meuter&#8230; <a class=\"read-more-link\" href=\"http:\/\/bsv-uedesheim.de\/?page_id=29\">Read more &raquo;<\/a><\/p>\n","protected":false},"author":1,"featured_media":0,"parent":0,"menu_order":0,"comment_status":"closed","ping_status":"closed","template":"","meta":{"ngg_post_thumbnail":0,"footnotes":""},"class_list":["post-29","page","type-page","status-publish","hentry"],"_links":{"self":[{"href":"http:\/\/bsv-uedesheim.de\/index.php?rest_route=\/wp\/v2\/pages\/29","targetHints":{"allow":["GET"]}}],"collection":[{"href":"http:\/\/bsv-uedesheim.de\/index.php?rest_route=\/wp\/v2\/pages"}],"about":[{"href":"http:\/\/bsv-uedesheim.de\/index.php?rest_route=\/wp\/v2\/types\/page"}],"author":[{"embeddable":true,"href":"http:\/\/bsv-uedesheim.de\/index.php?rest_route=\/wp\/v2\/users\/1"}],"replies":[{"embeddable":true,"href":"http:\/\/bsv-uedesheim.de\/index.php?rest_route=%2Fwp%2Fv2%2Fcomments&post=29"}],"version-history":[{"count":36,"href":"http:\/\/bsv-uedesheim.de\/index.php?rest_route=\/wp\/v2\/pages\/29\/revisions"}],"predecessor-version":[{"id":1277,"href":"http:\/\/bsv-uedesheim.de\/index.php?rest_route=\/wp\/v2\/pages\/29\/revisions\/1277"}],"wp:attachment":[{"href":"http:\/\/bsv-uedesheim.de\/index.php?rest_route=%2Fwp%2Fv2%2Fmedia&parent=29"}],"curies":[{"name":"wp","href":"https:\/\/api.w.org\/{rel}","templated":true}]}}