{"id":27,"date":"2018-11-02T10:05:03","date_gmt":"2018-11-02T10:05:03","guid":{"rendered":"http:\/\/bsv-uedesheim.de\/?page_id=27"},"modified":"2025-09-25T12:30:42","modified_gmt":"2025-09-25T10:30:42","slug":"schuetzenkoenige","status":"publish","type":"page","link":"http:\/\/bsv-uedesheim.de\/?page_id=27","title":{"rendered":"Sch\u00fctzenk\u00f6nige"},"content":{"rendered":"<p>Unsere aktuelle Majest\u00e4t: <strong>Simon I. Kronenberg<\/strong><\/p>\n<p><img loading=\"lazy\" decoding=\"async\" src=\"http:\/\/bsv-uedesheim.de\/wp-content\/uploads\/2025\/09\/simon_2025-1024x768.jpg\" alt=\"\" width=\"600\" height=\"450\" class=\"alignleft size-large wp-image-1255\" srcset=\"http:\/\/bsv-uedesheim.de\/wp-content\/uploads\/2025\/09\/simon_2025-1024x768.jpg 1024w, http:\/\/bsv-uedesheim.de\/wp-content\/uploads\/2025\/09\/simon_2025-300x225.jpg 300w, http:\/\/bsv-uedesheim.de\/wp-content\/uploads\/2025\/09\/simon_2025-768x576.jpg 768w, http:\/\/bsv-uedesheim.de\/wp-content\/uploads\/2025\/09\/simon_2025-576x432.jpg 576w, http:\/\/bsv-uedesheim.de\/wp-content\/uploads\/2025\/09\/simon_2025.jpg 1112w\" sizes=\"auto, (max-width: 600px) 100vw, 600px\" \/><\/p>\n<p>\n&nbsp;<\/p>\n<p>\n&nbsp;<\/p>\n<p>\n&nbsp;<\/p>\n<p>\n&nbsp;<\/p>\n<p>\n&nbsp;<\/p>\n<p>\n&nbsp;<\/p>\n<p>\n&nbsp;<\/p>\n<p>\n&nbsp;<\/p>\n<p>\n&nbsp;<\/p>\n<p>Historie unserer Majest\u00e4ten:<\/p>\n<p>2025\/2026 Simon I. Kronenberg<br \/>\n<a href=\"http:\/\/bsv-uedesheim.de\/?page_id=1202\">2024\/2025 Georg I. Melchers<\/a><br \/>\n2023\/2024 Christoph I. Kronenberg<br \/>\n<a href=\"http:\/\/bsv-uedesheim.de\/?page_id=1241\">2022\/2023 Matthew I. Weitz<\/a><br \/>\n<em>2020 &#8211; 2022 Ausfall Corona Pandemie<\/em><\/p>\n<p><a href=\"http:\/\/bsv-uedesheim.de\/?page_id=1044\">2019\/2020 J\u00f6rg I. Strierath<\/a><br \/>\n<a href=\"http:\/\/bsv-uedesheim.de\/?page_id=192\">2018\/2019 Frank I. Eggenk\u00e4mper<\/a><br \/>\n<a href=\"http:\/\/bsv-uedesheim.de\/?page_id=195\">2017\/2018 Klaus II. H\u00f6hn<\/a><br \/>\n<a href=\"http:\/\/bsv-uedesheim.de\/?page_id=197\">2016\/2017 Udo I. Fahrenholz<\/a><br \/>\n<a href=\"http:\/\/bsv-uedesheim.de\/?page_id=218\">2015\/2016 John I. von Zons<\/a><br \/>\n<a href=\"http:\/\/bsv-uedesheim.de\/?page_id=227\">2014\/2015 Peter III. Lehmann<\/a><br \/>\n<a href=\"http:\/\/bsv-uedesheim.de\/?page_id=235\">2013\/2014 Helmut II. Both<\/a><br \/>\n<a href=\"http:\/\/bsv-uedesheim.de\/?page_id=241\">2012\/2013 Cornel I. Bechlenberg<\/a><br \/>\n<a href=\"http:\/\/bsv-uedesheim.de\/?page_id=248\">2011\/2012 Wiljo I. Klein<\/a><br \/>\n<a href=\"http:\/\/bsv-uedesheim.de\/?page_id=258\">2010\/2011 Heinz IV. Schnitzler<\/a><\/p>\n<p><a href=\"http:\/\/bsv-uedesheim.de\/?page_id=265\">2009\/2010 Hans III. Langen<\/a><br \/>\n<a href=\"http:\/\/bsv-uedesheim.de\/?page_id=776\">2008\/2009 Helmut I. Gilgen<\/a><br \/>\n<a href=\"http:\/\/bsv-uedesheim.de\/?page_id=778\">2007\/2008 Michael III. Offermanns<\/a><br \/>\n<a href=\"http:\/\/bsv-uedesheim.de\/?page_id=780\">2006\/2007 Sven I. F\u00f6gen<\/a><br \/>\n<a href=\"http:\/\/bsv-uedesheim.de\/?page_id=782\">2005\/2006 Michael II. Bock<\/a><br \/>\n<a href=\"http:\/\/bsv-uedesheim.de\/?page_id=789\">2004\/2005 Herbert I. Schmitz<\/a><br \/>\n<a href=\"http:\/\/bsv-uedesheim.de\/?page_id=792\">2003\/2004 Norbert I. Gieske<\/a><br \/>\n<a href=\"http:\/\/bsv-uedesheim.de\/?page_id=794\">2002\/2003 Klaus I. Haas<\/a><br \/>\n<a href=\"http:\/\/bsv-uedesheim.de\/?page_id=796\">2001\/2002 Theo II. Jansen<\/a><br \/>\n<a href=\"http:\/\/bsv-uedesheim.de\/?page_id=798\">2000\/2001 Vitus I. B\u00fcttgen<\/a><\/p>\n<p><a href=\"http:\/\/bsv-uedesheim.de\/?page_id=440\">1999\/2000 Heinz III. Neuhausen<\/a><br \/>\n<a href=\"http:\/\/bsv-uedesheim.de\/?page_id=446\">1998\/1999 Johannes II. Kronenberg<\/a><br \/>\n<a href=\"http:\/\/bsv-uedesheim.de\/?page_id=451\">1997\/1998 J\u00fcrgen I. Neuhausen<\/a><br \/>\n<a href=\"http:\/\/bsv-uedesheim.de\/?page_id=456\">1996\/1997 Wolfgang I. Veiser<\/a><br \/>\n<a href=\"http:\/\/bsv-uedesheim.de\/?page_id=461\">1995\/1996 Gert I. Lohmann<\/a><br \/>\n<a href=\"http:\/\/bsv-uedesheim.de\/?page_id=466\">1994\/1995 Josef VI. Weiler<\/a><br \/>\n<a href=\"http:\/\/bsv-uedesheim.de\/?page_id=473\">1993\/1994 Heinrich V. Neuhausen<\/a><br \/>\n<a href=\"http:\/\/bsv-uedesheim.de\/?page_id=478\">1992\/1993 Peter II. Schmitz<\/a><br \/>\n<a href=\"http:\/\/bsv-uedesheim.de\/?page_id=483\">1991\/1992 Hermann I. Lippinghoff<\/a><br \/>\n<a href=\"http:\/\/bsv-uedesheim.de\/?page_id=488\">1990\/1991 Rudi I. Tegeler<\/a><\/p>\n<p><a href=\"http:\/\/bsv-uedesheim.de\/?page_id=494\">1989\/1990 Willy IX. Schlimgen<\/a><br \/>\n<a href=\"http:\/\/bsv-uedesheim.de\/?page_id=497\">1988\/1989 Christian III. Veiser<\/a><br \/>\n<a href=\"http:\/\/bsv-uedesheim.de\/?page_id=506\">1987\/1988 Adam I. Klein<\/a><br \/>\n<a href=\"http:\/\/bsv-uedesheim.de\/?page_id=511\">1986\/1987 Hubert I. Nix<\/a><br \/>\n<a href=\"http:\/\/bsv-uedesheim.de\/?page_id=516\">1985\/1986 Theo I. Bechlenberg<\/a><br \/>\n<a href=\"http:\/\/bsv-uedesheim.de\/?page_id=522\">1984\/1985 Alfred I. Scheppeit<\/a><br \/>\n<a href=\"http:\/\/bsv-uedesheim.de\/?page_id=526\">1983\/1984 Johannes I. Schmitz<\/a><br \/>\n<a href=\"http:\/\/bsv-uedesheim.de\/?page_id=534\">1982\/1983 Heinz II. Bender<\/a><br \/>\n<a href=\"http:\/\/bsv-uedesheim.de\/?page_id=540\">1981\/1982 Josef V. Bender<\/a><br \/>\n<a href=\"http:\/\/bsv-uedesheim.de\/?page_id=844\">1980\/1981 Heinrich IV. Patten<\/a><\/p>\n<p><a href=\"http:\/\/bsv-uedesheim.de\/?page_id=546\">1979\/1980 Horst I. Schwark<\/a><br \/>\n<a href=\"http:\/\/bsv-uedesheim.de\/?page_id=551\">1978\/1979 Manfred I. Scharlipp<\/a><br \/>\n<a href=\"http:\/\/bsv-uedesheim.de\/?page_id=556\">1977\/1978 Heinz I. Hartstein<\/a><br \/>\n<a href=\"http:\/\/bsv-uedesheim.de\/?page_id=563\">1976\/1977 Anton I. Dicks<\/a><br \/>\n<a href=\"http:\/\/bsv-uedesheim.de\/?page_id=568\">1975\/1976 Josef IV. Kronenberg<\/a><br \/>\n<a href=\"http:\/\/bsv-uedesheim.de\/?page_id=575\">1974\/1975 Hans II. Neuhausen<\/a><br \/>\n<a href=\"http:\/\/bsv-uedesheim.de\/?page_id=581\">1973\/1974 Alois II. Haas<\/a><br \/>\n<a href=\"http:\/\/bsv-uedesheim.de\/?page_id=587\">1972\/1973 Josef III. Oerding<\/a><br \/>\n<a href=\"http:\/\/bsv-uedesheim.de\/?page_id=595\">1971\/1972 Peter I. Oerding<\/a><br \/>\n<a href=\"http:\/\/bsv-uedesheim.de\/?page_id=600\">1970\/1971 Hermann-Josef I. Meuther<\/a><\/p>\n<p><a href=\"http:\/\/bsv-uedesheim.de\/?page_id=606\">1969\/1970 Karl I. Will<\/a><br \/>\n<a href=\"http:\/\/bsv-uedesheim.de\/?page_id=611\">1968\/1969 Willi VIII. Neuhausen<\/a><br \/>\n<a href=\"http:\/\/bsv-uedesheim.de\/?page_id=617\">1967\/1968 Hans I. Gilgen<\/a><br \/>\n<a href=\"http:\/\/bsv-uedesheim.de\/?page_id=622\">1966\/1967 Johann I. B\u00fcttgen<\/a><br \/>\n<a href=\"http:\/\/bsv-uedesheim.de\/?page_id=628\">1965\/1966 Paul I. Schlimgen jun.<\/a><br \/>\n<a href=\"http:\/\/bsv-uedesheim.de\/?page_id=633\">1964\/1965 Josef II. Lehnen<\/a><br \/>\n<a href=\"http:\/\/bsv-uedesheim.de\/?page_id=639\">1963\/1964 Christian II. Veiser<\/a><br \/>\n<a href=\"http:\/\/bsv-uedesheim.de\/?page_id=645\">1962\/1963 Christian I. Nix<\/a><br \/>\n<a href=\"http:\/\/bsv-uedesheim.de\/?page_id=651\">1961\/1962 Heinrich III. Kronenberg<\/a><br \/>\n<a href=\"http:\/\/bsv-uedesheim.de\/?page_id=657\">1960\/1961 Willi VII. Oerding<\/a><\/p>\n<p><a href=\"http:\/\/bsv-uedesheim.de\/?page_id=663\">1959\/1960 Josef I. Klein<\/a><br \/>\n<a href=\"http:\/\/bsv-uedesheim.de\/?page_id=668\">1958\/1959 Willi VI. Reissdorf<\/a><br \/>\n<a href=\"http:\/\/bsv-uedesheim.de\/?page_id=674\">1957\/1958 Willi V. Grothe<\/a><br \/>\n<a href=\"http:\/\/bsv-uedesheim.de\/?page_id=681\">1956\/1957 Ludwig I. Rosslenbroich<\/a><br \/>\n<a href=\"http:\/\/bsv-uedesheim.de\/?page_id=686\">1955\/1956 Michael I. Kollmann<\/a><br \/>\n<a href=\"http:\/\/bsv-uedesheim.de\/?page_id=692\">1954\/1955 Heinrich II. Pelzer<\/a><br \/>\n<a href=\"http:\/\/bsv-uedesheim.de\/?page_id=699\">1953\/1954 Martin I. Opheys<\/a><br \/>\n<a href=\"http:\/\/bsv-uedesheim.de\/?page_id=704\">1952\/1953 Willi IV. Kirschbaum<\/a><br \/>\n<a href=\"http:\/\/bsv-uedesheim.de\/?page_id=709\">1951\/1952 Willi III. Stoffel<\/a><br \/>\n<a href=\"http:\/\/bsv-uedesheim.de\/?page_id=714\">1950\/1951 Willi II. Pitsch<\/a><\/p>\n<p><a href=\"http:\/\/bsv-uedesheim.de\/?page_id=720\">1949\/1950 Heinrich I. Haffinger<\/a><br \/>\n<a href=\"http:\/\/bsv-uedesheim.de\/?page_id=725\">1948\/1949 Alois I. Haas<\/a><br \/>\n<a href=\"http:\/\/bsv-uedesheim.de\/?page_id=730\">1948<\/a> Vertreter des gefallenen K\u00f6nigs Kaspar Esser war <a href=\"http:\/\/bsv-uedesheim.de\/?page_id=730\">Willi Schmitz<\/a><br \/>\n<em>1940 &#8211; 1947 Ausfall 2. Weltkrieg<\/em><\/p>\n<p><a href=\"http:\/\/bsv-uedesheim.de\/?page_id=434\">1939\/1940 Kaspar Esser<\/a><br \/>\n1938\/1939 Lambert Schmitz<br \/>\n1937\/1938 Johannes Feuchthofen<br \/>\n1936\/1937 Willi Pitsch<br \/>\n1935\/1936 Werner Klein<br \/>\n1934\/1935 Willi Stoffel<br \/>\n1933\/1934 Matthias Lehnen<br \/>\n1932\/1933 Willi Kirschbaum<br \/>\n1931\/1932 Hubert Bender<br \/>\n1930\/1931 Willi Oerding<\/p>\n<p>1929\/1930 Josef Nix<br \/>\n1928\/1929 Cornelius Bechlenberg<br \/>\n1927\/1928 Heinrich Stoffel<br \/>\n1926\/1927 Josef Patten<br \/>\n1925\/1926 Heinrich Edelhausen<br \/>\n1924\/1925 Johann Weiler<br \/>\n<em>1923\/1924 Ausfall Ausbruch Ruhr<\/em><br \/>\n1922\/1923 Wilhelm H\u00fcvel<br \/>\n1921\/1922 Paul Schlimgen<br \/>\n1920\/1921 Heinrich H\u00fcvel<\/p>\n<p><em>1914 &#8211; 1919 Ausfall 1. Weltkrieg<\/em><br \/>\n1913\/1914 Heinrich H\u00fcvel<br \/>\n1912\/1913 Wilhelm Mostert<br \/>\n1911\/1912 Willi Pitsch<br \/>\n1910\/1911 Adam Klein<\/p>\n<p>1909\/1910 Balthasar Pilligrath<br \/>\n1908\/1909 Heinrich Burghartz<br \/>\n1907\/1908 Wilhelm Oepen<br \/>\n1906\/1907 Johann Schmitz<br \/>\n1905\/1906 Aloys Oerding<br \/>\n1904\/1905 Lambert Nix<br \/>\n1903\/1904 Josef Rodewig<br \/>\n<a href=\"http:\/\/bsv-uedesheim.de\/?page_id=918\">1902\/1903 Heinrich Kirberg<\/a><br \/>\n1901\/1902 Johann Hecker<br \/>\n1900\/1901 Ludwig Rosslenbroich<\/p>\n<p>1899\/1900 Peter Kopp<br \/>\n1898\/1899 Peter Schiefer<br \/>\n1897\/1898 Theodor Kluth<br \/>\n1896\/1897 Johann Helpenstein<br \/>\n1895\/1896 Jakob Schl\u00f6\u00dfer<br \/>\n1894\/1895 Wilhelm Kopp<br \/>\n1893\/1894 Peter Reif<br \/>\n1892\/1893 Wilhelm Norbisrath<br \/>\n1891\/1892 Vitus B\u00fcttgen<br \/>\n1890\/1891 Heinrich Kirschbaum<\/p>\n<p>1889\/1890 Jakob Pitsch<br \/>\n1888\/1889 Josef Sch\u00fctz<br \/>\n1887\/1888 Wilhelm Worringen<br \/>\n1886\/1887 Matthias Tittgen<br \/>\n1885\/1886 Andreas Breuer<br \/>\n1884\/1885 Theodor Klein<br \/>\n1883\/1884 Peter Rommerskirchen<br \/>\n1882\/1883 Heinrich Lambertz<br \/>\n1881\/1882 Lambert Nix<br \/>\n1880\/1881 Lorenz Gilgen<\/p>\n","protected":false},"excerpt":{"rendered":"<p>Unsere aktuelle Majest\u00e4t: Simon I. Kronenberg &nbsp; &nbsp; &nbsp; &nbsp; &nbsp; &nbsp; &nbsp; &nbsp; &nbsp; Historie unserer Majest\u00e4ten: 2025\/2026 Simon I. Kronenberg 2024\/2025 Georg I. Melchers 2023\/2024 Christoph I. Kronenberg&#8230; <a class=\"read-more-link\" href=\"http:\/\/bsv-uedesheim.de\/?page_id=27\">Read more &raquo;<\/a><\/p>\n","protected":false},"author":1,"featured_media":0,"parent":0,"menu_order":0,"comment_status":"closed","ping_status":"closed","template":"","meta":{"ngg_post_thumbnail":0,"footnotes":""},"class_list":["post-27","page","type-page","status-publish","hentry"],"_links":{"self":[{"href":"http:\/\/bsv-uedesheim.de\/index.php?rest_route=\/wp\/v2\/pages\/27","targetHints":{"allow":["GET"]}}],"collection":[{"href":"http:\/\/bsv-uedesheim.de\/index.php?rest_route=\/wp\/v2\/pages"}],"about":[{"href":"http:\/\/bsv-uedesheim.de\/index.php?rest_route=\/wp\/v2\/types\/page"}],"author":[{"embeddable":true,"href":"http:\/\/bsv-uedesheim.de\/index.php?rest_route=\/wp\/v2\/users\/1"}],"replies":[{"embeddable":true,"href":"http:\/\/bsv-uedesheim.de\/index.php?rest_route=%2Fwp%2Fv2%2Fcomments&post=27"}],"version-history":[{"count":100,"href":"http:\/\/bsv-uedesheim.de\/index.php?rest_route=\/wp\/v2\/pages\/27\/revisions"}],"predecessor-version":[{"id":1263,"href":"http:\/\/bsv-uedesheim.de\/index.php?rest_route=\/wp\/v2\/pages\/27\/revisions\/1263"}],"wp:attachment":[{"href":"http:\/\/bsv-uedesheim.de\/index.php?rest_route=%2Fwp%2Fv2%2Fmedia&parent=27"}],"curies":[{"name":"wp","href":"https:\/\/api.w.org\/{rel}","templated":true}]}}